{"id":9091,"date":"2026-03-27T21:55:50","date_gmt":"2026-03-27T21:55:50","guid":{"rendered":"https:\/\/dramariaclaudia.com.co\/?page_id=9091"},"modified":"2026-03-27T21:59:42","modified_gmt":"2026-03-27T21:59:42","slug":"que-es-el-pdrn-facial","status":"publish","type":"page","link":"https:\/\/dramariaclaudia.com.co\/?page_id=9091","title":{"rendered":"\u00bfQu\u00e9 es el PDRN facial?"},"content":{"rendered":"\t\t<div data-elementor-type=\"wp-page\" data-elementor-id=\"9091\" class=\"elementor elementor-9091\">\n\t\t\t\t<div class=\"elementor-element elementor-element-0abec51 e-flex e-con-boxed e-con e-parent \" data-id=\"0abec51\" data-element_type=\"container\" data-e-type=\"container\">\t\t\t<div class=\"e-con-inner\">\r\n\t\t                    \t\t<div class=\"elementor-element elementor-element-bb32548 elementor-widget elementor-widget-text-editor\" data-id=\"bb32548\" data-element_type=\"widget\" data-e-type=\"widget\" data-widget_type=\"text-editor.default\">\n\t\t\t\t\t\t\t\t\t<div><div><strong>\u00bfQu\u00e9 es el PDRN facial?<\/strong><\/div><div>\u00a0<\/div><div>El PDRN (Polidesoxirribonucle\u00f3tido) es un compuesto biotecnol\u00f3gico derivado del ADN (generalmente de origen salmonino) que se utiliza en medicina est\u00e9tica por su potente capacidad de regeneraci\u00f3n celular y reparaci\u00f3n de la piel.<\/div><div>\u00a0<\/div><div>Es conocido por su uso en tratamientos rejuvenecedores, ayudando a mejorar la calidad de la piel desde el interior.<\/div><div>\u00a0<\/div><div>\u2e3b<\/div><div>\u00a0<\/div><div><img decoding=\"async\" class=\"emoji\" role=\"img\" draggable=\"false\" src=\"https:\/\/s.w.org\/images\/core\/emoji\/17.0.2\/svg\/1f4a1.svg\" alt=\"\ud83d\udca1\" \/>\u00a0<strong>\u00bfPara qu\u00e9 sirve el PDRN en el rostro?<\/strong><\/div><div>\u00a0<\/div><div>El PDRN act\u00faa directamente sobre las c\u00e9lulas de la piel, estimulando procesos de reparaci\u00f3n y regeneraci\u00f3n. Sus principales beneficios incluyen:<\/div><div>\u2022Estimulaci\u00f3n de col\u00e1geno y elastina<\/div><div>\u2022Mejora de la hidrataci\u00f3n profunda<\/div><div>\u2022Reducci\u00f3n de l\u00edneas finas y arrugas<\/div><div>\u2022Disminuci\u00f3n de manchas y cicatrices<\/div><div>\u2022Regeneraci\u00f3n de tejidos da\u00f1ados<\/div><div>\u2022Mejora de la elasticidad y firmeza<\/div><div>\u00a0<\/div><div>\u2e3b<\/div><div>\u00a0<\/div><div><img decoding=\"async\" class=\"emoji\" role=\"img\" draggable=\"false\" src=\"https:\/\/s.w.org\/images\/core\/emoji\/17.0.2\/svg\/1f52c.svg\" alt=\"\ud83d\udd2c\" \/><strong>\u00a0\u00bfC\u00f3mo funciona?<\/strong><\/div><div>\u00a0<\/div><div>El PDRN activa los receptores celulares responsables de la regeneraci\u00f3n, favoreciendo:<\/div><div>\u2022La reparaci\u00f3n del ADN celular<\/div><div>\u2022La formaci\u00f3n de nuevos vasos sangu\u00edneos (angiog\u00e9nesis)<\/div><div>\u2022La recuperaci\u00f3n de tejidos da\u00f1ados<\/div><div>\u00a0<\/div><div>Esto se traduce en una piel m\u00e1s saludable, luminosa y rejuvenecida.<\/div><div>\u00a0<\/div><div>\u2e3b<\/div><div>\u00a0<\/div><div><img decoding=\"async\" class=\"emoji\" role=\"img\" draggable=\"false\" src=\"https:\/\/s.w.org\/images\/core\/emoji\/17.0.2\/svg\/1f489.svg\" alt=\"\ud83d\udc89\" \/><strong>\u00a0\u00bfC\u00f3mo se aplica el tratamiento?<\/strong><\/div><div>\u00a0<\/div><div>El PDRN puede aplicarse mediante:<\/div><div>\u2022Microinyecciones (mesoterapia)<\/div><div>\u2022Microneedling (dermapen)<\/div><div>\u2022Combinaci\u00f3n con otros tratamientos est\u00e9ticos<\/div><div>\u00a0<\/div><div>El procedimiento es r\u00e1pido, m\u00ednimamente invasivo y con poco tiempo de recuperaci\u00f3n.<\/div><div>\u00a0<\/div><div>\u2e3b<\/div><div>\u00a0<\/div><div><strong><img decoding=\"async\" class=\"emoji\" role=\"img\" draggable=\"false\" src=\"https:\/\/s.w.org\/images\/core\/emoji\/17.0.2\/svg\/1f33f.svg\" alt=\"\ud83c\udf3f\" \/>\u00a0Beneficios principales<\/strong><\/div><div>\u2022Tratamiento seguro y biocompatible<\/div><div>\u2022Resultados naturales y progresivos<\/div><div>\u2022Mejora integral de la piel<\/div><div>\u2022Apto para diferentes tipos de piel<\/div><div>\u2022Ideal como complemento de otros procedimientos<\/div><div>\u00a0<\/div><div>\u2e3b<\/div><div>\u00a0<\/div><div><strong><img decoding=\"async\" class=\"emoji\" role=\"img\" draggable=\"false\" src=\"https:\/\/s.w.org\/images\/core\/emoji\/17.0.2\/svg\/23f1.svg\" alt=\"\u23f1\ufe0f\" \/>\u00a0\u00bfCu\u00e1ntas sesiones se recomiendan?<\/strong><\/div><div>\u00a0<\/div><div>Generalmente:<\/div><div>\u20223 a 4 sesiones iniciales<\/div><div>\u2022Intervalos de 2 a 3 semanas<\/div><div>\u2022Mantenimientos seg\u00fan evaluaci\u00f3n profesional<\/div><div>\u00a0<\/div><div>\u2e3b<\/div><div>\u00a0<\/div><div><strong><img decoding=\"async\" class=\"emoji\" role=\"img\" draggable=\"false\" src=\"https:\/\/s.w.org\/images\/core\/emoji\/17.0.2\/svg\/26a0.svg\" alt=\"\u26a0\ufe0f\" \/>\u00a0\u00bfEs seguro?<\/strong><\/div><div>\u00a0<\/div><div>S\u00ed, el PDRN es ampliamente utilizado en medicina regenerativa y est\u00e9tica. Debe ser aplicado por profesionales capacitados y con productos certificados para garantizar resultados \u00f3ptimos.<\/div><div>\u00a0<\/div><div>\u2e3b<\/div><div>\u00a0<\/div><div><strong><img decoding=\"async\" class=\"emoji\" role=\"img\" draggable=\"false\" src=\"https:\/\/s.w.org\/images\/core\/emoji\/17.0.2\/svg\/1f469-200d-2695-fe0f.svg\" alt=\"\ud83d\udc69\u200d\u2695\ufe0f\" \/>\u00a0\u00bfPara qui\u00e9n est\u00e1 indicado?<\/strong><\/div><div>\u2022Piel envejecida o con signos de fatiga<\/div><div>\u2022Piel deshidratada o da\u00f1ada<\/div><div>\u2022Cicatrices de acn\u00e9<\/div><div>\u2022Pacientes que buscan rejuvenecimiento natural<\/div><div>\u2022Personas que desean potenciar otros tratamientos est\u00e9ticos<\/div><div>\u00a0<\/div><div>\u2e3b<\/div><div>\u00a0<\/div><div><strong><img decoding=\"async\" class=\"emoji\" role=\"img\" draggable=\"false\" src=\"https:\/\/s.w.org\/images\/core\/emoji\/17.0.2\/svg\/1f31f.svg\" alt=\"\ud83c\udf1f\" \/>\u00a0Resultados esperados<\/strong><\/div><div>\u00a0<\/div><div>Despu\u00e9s del tratamiento, es com\u00fan observar:<\/div><div>\u2022Piel m\u00e1s hidratada y luminosa<\/div><div>\u2022Mejora en la textura<\/div><div>\u2022Reducci\u00f3n de arrugas finas<\/div><div>\u2022Mayor firmeza y elasticidad<\/div><\/div>\t\t\t\t\t\t\t\t<\/div>\n\t\t\t\t\t<\/div>\r\n\t\t\t\t<\/div>\r\n\t\t<div class=\"elementor-element elementor-element-2b254df e-con-full e-flex e-con e-parent \" data-id=\"2b254df\" data-element_type=\"container\" data-e-type=\"container\">\t\t<div class=\"elementor-element elementor-element-2a0b5df elementor-widget elementor-widget-image-gallery\" data-id=\"2a0b5df\" data-element_type=\"widget\" data-e-type=\"widget\" data-widget_type=\"image-gallery.default\">\n\t\t\t\t\t\t\t<div class=\"elementor-image-gallery\">\n\t\t\t\n\t\t<style type=\"text\/css\">\n\t\t\t#gallery-1 {\n\t\t\t\tmargin: auto;\n\t\t\t}\n\t\t\t#gallery-1 .gallery-item {\n\t\t\t\tfloat: left;\n\t\t\t\tmargin-top: 10px;\n\t\t\t\ttext-align: center;\n\t\t\t\twidth: 25%;\n\t\t\t}\n\t\t\t#gallery-1 img {\n\t\t\t\tborder: 2px solid #cfcfcf;\n\t\t\t}\n\t\t\t#gallery-1 .gallery-caption {\n\t\t\t\tmargin-left: 0;\n\t\t\t}\n\t\t\t\/* see gallery_shortcode() in wp-includes\/media.php *\/\n\t\t<\/style>\n\t\t<div id='gallery-1' class='gallery galleryid-9091 gallery-columns-4 gallery-size-insurya-large'><dl class='gallery-item'>\n\t\t\t<dt class='gallery-icon landscape'>\n\t\t\t\t<a data-elementor-open-lightbox=\"yes\" data-elementor-lightbox-slideshow=\"2a0b5df\" data-elementor-lightbox-title=\"Dra Maria Claudia 16\" data-e-action-hash=\"#elementor-action%3Aaction%3Dlightbox%26settings%3DeyJpZCI6ODk3OSwidXJsIjoiaHR0cHM6XC9cL2RyYW1hcmlhY2xhdWRpYS5jb20uY29cL3dwLWNvbnRlbnRcL3VwbG9hZHNcLzIwMjZcLzAzXC9EcmEtTWFyaWEtQ2xhdWRpYS0xNi5qcGciLCJzbGlkZXNob3ciOiIyYTBiNWRmIn0%3D\" href='https:\/\/dramariaclaudia.com.co\/wp-content\/uploads\/2026\/03\/Dra-Maria-Claudia-16.jpg'><img fetchpriority=\"high\" decoding=\"async\" width=\"860\" height=\"538\" src=\"https:\/\/dramariaclaudia.com.co\/wp-content\/uploads\/2026\/03\/Dra-Maria-Claudia-16-860x538.jpg\" class=\"attachment-insurya-large size-insurya-large\" alt=\"\" \/><\/a>\n\t\t\t<\/dt><\/dl><dl class='gallery-item'>\n\t\t\t<dt class='gallery-icon landscape'>\n\t\t\t\t<a data-elementor-open-lightbox=\"yes\" data-elementor-lightbox-slideshow=\"2a0b5df\" data-elementor-lightbox-title=\"Dra Maria Claudia15\" data-e-action-hash=\"#elementor-action%3Aaction%3Dlightbox%26settings%3DeyJpZCI6ODk4MCwidXJsIjoiaHR0cHM6XC9cL2RyYW1hcmlhY2xhdWRpYS5jb20uY29cL3dwLWNvbnRlbnRcL3VwbG9hZHNcLzIwMjZcLzAzXC9EcmEtTWFyaWEtQ2xhdWRpYTE1LXNjYWxlZC5qcGciLCJzbGlkZXNob3ciOiIyYTBiNWRmIn0%3D\" href='https:\/\/dramariaclaudia.com.co\/wp-content\/uploads\/2026\/03\/Dra-Maria-Claudia15-scaled.jpg'><img decoding=\"async\" width=\"860\" height=\"538\" src=\"https:\/\/dramariaclaudia.com.co\/wp-content\/uploads\/2026\/03\/Dra-Maria-Claudia15-860x538.jpg\" class=\"attachment-insurya-large size-insurya-large\" alt=\"\" \/><\/a>\n\t\t\t<\/dt><\/dl><dl class='gallery-item'>\n\t\t\t<dt class='gallery-icon portrait'>\n\t\t\t\t<a data-elementor-open-lightbox=\"yes\" data-elementor-lightbox-slideshow=\"2a0b5df\" data-elementor-lightbox-title=\"Dra Maria Claudia14\" data-e-action-hash=\"#elementor-action%3Aaction%3Dlightbox%26settings%3DeyJpZCI6ODk4MSwidXJsIjoiaHR0cHM6XC9cL2RyYW1hcmlhY2xhdWRpYS5jb20uY29cL3dwLWNvbnRlbnRcL3VwbG9hZHNcLzIwMjZcLzAzXC9EcmEtTWFyaWEtQ2xhdWRpYTE0LXNjYWxlZC5qcGciLCJzbGlkZXNob3ciOiIyYTBiNWRmIn0%3D\" href='https:\/\/dramariaclaudia.com.co\/wp-content\/uploads\/2026\/03\/Dra-Maria-Claudia14-scaled.jpg'><img decoding=\"async\" width=\"860\" height=\"538\" src=\"https:\/\/dramariaclaudia.com.co\/wp-content\/uploads\/2026\/03\/Dra-Maria-Claudia14-860x538.jpg\" class=\"attachment-insurya-large size-insurya-large\" alt=\"\" \/><\/a>\n\t\t\t<\/dt><\/dl><dl class='gallery-item'>\n\t\t\t<dt class='gallery-icon portrait'>\n\t\t\t\t<a data-elementor-open-lightbox=\"yes\" data-elementor-lightbox-slideshow=\"2a0b5df\" data-elementor-lightbox-title=\"Dra Maria Claudia13\" data-e-action-hash=\"#elementor-action%3Aaction%3Dlightbox%26settings%3DeyJpZCI6ODk4MiwidXJsIjoiaHR0cHM6XC9cL2RyYW1hcmlhY2xhdWRpYS5jb20uY29cL3dwLWNvbnRlbnRcL3VwbG9hZHNcLzIwMjZcLzAzXC9EcmEtTWFyaWEtQ2xhdWRpYTEzLmpwZyIsInNsaWRlc2hvdyI6IjJhMGI1ZGYifQ%3D%3D\" href='https:\/\/dramariaclaudia.com.co\/wp-content\/uploads\/2026\/03\/Dra-Maria-Claudia13.jpg'><img loading=\"lazy\" decoding=\"async\" width=\"860\" height=\"538\" src=\"https:\/\/dramariaclaudia.com.co\/wp-content\/uploads\/2026\/03\/Dra-Maria-Claudia13-860x538.jpg\" class=\"attachment-insurya-large size-insurya-large\" alt=\"\" \/><\/a>\n\t\t\t<\/dt><\/dl><br style=\"clear: both\" \/><dl class='gallery-item'>\n\t\t\t<dt class='gallery-icon portrait'>\n\t\t\t\t<a data-elementor-open-lightbox=\"yes\" data-elementor-lightbox-slideshow=\"2a0b5df\" data-elementor-lightbox-title=\"Dra Maria Claudia 12\" data-e-action-hash=\"#elementor-action%3Aaction%3Dlightbox%26settings%3DeyJpZCI6ODk4MywidXJsIjoiaHR0cHM6XC9cL2RyYW1hcmlhY2xhdWRpYS5jb20uY29cL3dwLWNvbnRlbnRcL3VwbG9hZHNcLzIwMjZcLzAzXC9EcmEtTWFyaWEtQ2xhdWRpYS0xMi5qcGciLCJzbGlkZXNob3ciOiIyYTBiNWRmIn0%3D\" href='https:\/\/dramariaclaudia.com.co\/wp-content\/uploads\/2026\/03\/Dra-Maria-Claudia-12.jpg'><img loading=\"lazy\" decoding=\"async\" width=\"860\" height=\"538\" src=\"https:\/\/dramariaclaudia.com.co\/wp-content\/uploads\/2026\/03\/Dra-Maria-Claudia-12-860x538.jpg\" class=\"attachment-insurya-large size-insurya-large\" alt=\"\" \/><\/a>\n\t\t\t<\/dt><\/dl><dl class='gallery-item'>\n\t\t\t<dt class='gallery-icon portrait'>\n\t\t\t\t<a data-elementor-open-lightbox=\"yes\" data-elementor-lightbox-slideshow=\"2a0b5df\" data-elementor-lightbox-title=\"Dra Maria Claudia 11\" data-e-action-hash=\"#elementor-action%3Aaction%3Dlightbox%26settings%3DeyJpZCI6ODk4NCwidXJsIjoiaHR0cHM6XC9cL2RyYW1hcmlhY2xhdWRpYS5jb20uY29cL3dwLWNvbnRlbnRcL3VwbG9hZHNcLzIwMjZcLzAzXC9EcmEtTWFyaWEtQ2xhdWRpYS0xMS5qcGciLCJzbGlkZXNob3ciOiIyYTBiNWRmIn0%3D\" href='https:\/\/dramariaclaudia.com.co\/wp-content\/uploads\/2026\/03\/Dra-Maria-Claudia-11.jpg'><img loading=\"lazy\" decoding=\"async\" width=\"860\" height=\"538\" src=\"https:\/\/dramariaclaudia.com.co\/wp-content\/uploads\/2026\/03\/Dra-Maria-Claudia-11-860x538.jpg\" class=\"attachment-insurya-large size-insurya-large\" alt=\"\" \/><\/a>\n\t\t\t<\/dt><\/dl><dl class='gallery-item'>\n\t\t\t<dt class='gallery-icon portrait'>\n\t\t\t\t<a data-elementor-open-lightbox=\"yes\" data-elementor-lightbox-slideshow=\"2a0b5df\" data-elementor-lightbox-title=\"Dra Maria Claudia 10\" data-e-action-hash=\"#elementor-action%3Aaction%3Dlightbox%26settings%3DeyJpZCI6ODk4NSwidXJsIjoiaHR0cHM6XC9cL2RyYW1hcmlhY2xhdWRpYS5jb20uY29cL3dwLWNvbnRlbnRcL3VwbG9hZHNcLzIwMjZcLzAzXC9EcmEtTWFyaWEtQ2xhdWRpYS0xMC5qcGciLCJzbGlkZXNob3ciOiIyYTBiNWRmIn0%3D\" href='https:\/\/dramariaclaudia.com.co\/wp-content\/uploads\/2026\/03\/Dra-Maria-Claudia-10.jpg'><img loading=\"lazy\" decoding=\"async\" width=\"860\" height=\"538\" src=\"https:\/\/dramariaclaudia.com.co\/wp-content\/uploads\/2026\/03\/Dra-Maria-Claudia-10-860x538.jpg\" class=\"attachment-insurya-large size-insurya-large\" alt=\"\" \/><\/a>\n\t\t\t<\/dt><\/dl><dl class='gallery-item'>\n\t\t\t<dt class='gallery-icon portrait'>\n\t\t\t\t<a data-elementor-open-lightbox=\"yes\" data-elementor-lightbox-slideshow=\"2a0b5df\" data-elementor-lightbox-title=\"Dra Maria Claudia 9\" data-e-action-hash=\"#elementor-action%3Aaction%3Dlightbox%26settings%3DeyJpZCI6ODk4NiwidXJsIjoiaHR0cHM6XC9cL2RyYW1hcmlhY2xhdWRpYS5jb20uY29cL3dwLWNvbnRlbnRcL3VwbG9hZHNcLzIwMjZcLzAzXC9EcmEtTWFyaWEtQ2xhdWRpYS05LmpwZyIsInNsaWRlc2hvdyI6IjJhMGI1ZGYifQ%3D%3D\" href='https:\/\/dramariaclaudia.com.co\/wp-content\/uploads\/2026\/03\/Dra-Maria-Claudia-9.jpg'><img loading=\"lazy\" decoding=\"async\" width=\"860\" height=\"538\" src=\"https:\/\/dramariaclaudia.com.co\/wp-content\/uploads\/2026\/03\/Dra-Maria-Claudia-9-860x538.jpg\" class=\"attachment-insurya-large size-insurya-large\" alt=\"\" \/><\/a>\n\t\t\t<\/dt><\/dl><br style=\"clear: both\" \/><dl class='gallery-item'>\n\t\t\t<dt class='gallery-icon portrait'>\n\t\t\t\t<a data-elementor-open-lightbox=\"yes\" data-elementor-lightbox-slideshow=\"2a0b5df\" data-elementor-lightbox-title=\"Dra Maria Claudia 8\" data-e-action-hash=\"#elementor-action%3Aaction%3Dlightbox%26settings%3DeyJpZCI6ODk4NywidXJsIjoiaHR0cHM6XC9cL2RyYW1hcmlhY2xhdWRpYS5jb20uY29cL3dwLWNvbnRlbnRcL3VwbG9hZHNcLzIwMjZcLzAzXC9EcmEtTWFyaWEtQ2xhdWRpYS04LmpwZyIsInNsaWRlc2hvdyI6IjJhMGI1ZGYifQ%3D%3D\" href='https:\/\/dramariaclaudia.com.co\/wp-content\/uploads\/2026\/03\/Dra-Maria-Claudia-8.jpg'><img loading=\"lazy\" decoding=\"async\" width=\"860\" height=\"538\" src=\"https:\/\/dramariaclaudia.com.co\/wp-content\/uploads\/2026\/03\/Dra-Maria-Claudia-8-860x538.jpg\" class=\"attachment-insurya-large size-insurya-large\" alt=\"\" \/><\/a>\n\t\t\t<\/dt><\/dl><dl class='gallery-item'>\n\t\t\t<dt class='gallery-icon portrait'>\n\t\t\t\t<a data-elementor-open-lightbox=\"yes\" data-elementor-lightbox-slideshow=\"2a0b5df\" data-elementor-lightbox-title=\"Dra Maria Claudia 7\" data-e-action-hash=\"#elementor-action%3Aaction%3Dlightbox%26settings%3DeyJpZCI6ODk4OCwidXJsIjoiaHR0cHM6XC9cL2RyYW1hcmlhY2xhdWRpYS5jb20uY29cL3dwLWNvbnRlbnRcL3VwbG9hZHNcLzIwMjZcLzAzXC9EcmEtTWFyaWEtQ2xhdWRpYS03LmpwZyIsInNsaWRlc2hvdyI6IjJhMGI1ZGYifQ%3D%3D\" href='https:\/\/dramariaclaudia.com.co\/wp-content\/uploads\/2026\/03\/Dra-Maria-Claudia-7.jpg'><img loading=\"lazy\" decoding=\"async\" width=\"860\" height=\"538\" src=\"https:\/\/dramariaclaudia.com.co\/wp-content\/uploads\/2026\/03\/Dra-Maria-Claudia-7-860x538.jpg\" class=\"attachment-insurya-large size-insurya-large\" alt=\"\" \/><\/a>\n\t\t\t<\/dt><\/dl><dl class='gallery-item'>\n\t\t\t<dt class='gallery-icon portrait'>\n\t\t\t\t<a data-elementor-open-lightbox=\"yes\" data-elementor-lightbox-slideshow=\"2a0b5df\" data-elementor-lightbox-title=\"Dra Maria Claudia 6\" data-e-action-hash=\"#elementor-action%3Aaction%3Dlightbox%26settings%3DeyJpZCI6ODk4OSwidXJsIjoiaHR0cHM6XC9cL2RyYW1hcmlhY2xhdWRpYS5jb20uY29cL3dwLWNvbnRlbnRcL3VwbG9hZHNcLzIwMjZcLzAzXC9EcmEtTWFyaWEtQ2xhdWRpYS02LmpwZyIsInNsaWRlc2hvdyI6IjJhMGI1ZGYifQ%3D%3D\" href='https:\/\/dramariaclaudia.com.co\/wp-content\/uploads\/2026\/03\/Dra-Maria-Claudia-6.jpg'><img loading=\"lazy\" decoding=\"async\" width=\"860\" height=\"538\" src=\"https:\/\/dramariaclaudia.com.co\/wp-content\/uploads\/2026\/03\/Dra-Maria-Claudia-6-860x538.jpg\" class=\"attachment-insurya-large size-insurya-large\" alt=\"\" \/><\/a>\n\t\t\t<\/dt><\/dl><dl class='gallery-item'>\n\t\t\t<dt class='gallery-icon portrait'>\n\t\t\t\t<a data-elementor-open-lightbox=\"yes\" data-elementor-lightbox-slideshow=\"2a0b5df\" data-elementor-lightbox-title=\"Dra Maria Claudia 5\" data-e-action-hash=\"#elementor-action%3Aaction%3Dlightbox%26settings%3DeyJpZCI6ODk5MCwidXJsIjoiaHR0cHM6XC9cL2RyYW1hcmlhY2xhdWRpYS5jb20uY29cL3dwLWNvbnRlbnRcL3VwbG9hZHNcLzIwMjZcLzAzXC9EcmEtTWFyaWEtQ2xhdWRpYS01LmpwZyIsInNsaWRlc2hvdyI6IjJhMGI1ZGYifQ%3D%3D\" href='https:\/\/dramariaclaudia.com.co\/wp-content\/uploads\/2026\/03\/Dra-Maria-Claudia-5.jpg'><img loading=\"lazy\" decoding=\"async\" width=\"860\" height=\"538\" src=\"https:\/\/dramariaclaudia.com.co\/wp-content\/uploads\/2026\/03\/Dra-Maria-Claudia-5-860x538.jpg\" class=\"attachment-insurya-large size-insurya-large\" alt=\"\" \/><\/a>\n\t\t\t<\/dt><\/dl><br style=\"clear: both\" \/><dl class='gallery-item'>\n\t\t\t<dt class='gallery-icon portrait'>\n\t\t\t\t<a data-elementor-open-lightbox=\"yes\" data-elementor-lightbox-slideshow=\"2a0b5df\" data-elementor-lightbox-title=\"Dra Maria Claudia 4\" data-e-action-hash=\"#elementor-action%3Aaction%3Dlightbox%26settings%3DeyJpZCI6ODk5MSwidXJsIjoiaHR0cHM6XC9cL2RyYW1hcmlhY2xhdWRpYS5jb20uY29cL3dwLWNvbnRlbnRcL3VwbG9hZHNcLzIwMjZcLzAzXC9EcmEtTWFyaWEtQ2xhdWRpYS00LmpwZyIsInNsaWRlc2hvdyI6IjJhMGI1ZGYifQ%3D%3D\" href='https:\/\/dramariaclaudia.com.co\/wp-content\/uploads\/2026\/03\/Dra-Maria-Claudia-4.jpg'><img loading=\"lazy\" decoding=\"async\" width=\"860\" height=\"538\" src=\"https:\/\/dramariaclaudia.com.co\/wp-content\/uploads\/2026\/03\/Dra-Maria-Claudia-4-860x538.jpg\" class=\"attachment-insurya-large size-insurya-large\" alt=\"\" \/><\/a>\n\t\t\t<\/dt><\/dl><dl class='gallery-item'>\n\t\t\t<dt class='gallery-icon portrait'>\n\t\t\t\t<a data-elementor-open-lightbox=\"yes\" data-elementor-lightbox-slideshow=\"2a0b5df\" data-elementor-lightbox-title=\"Dra Maria Claudia 3\" data-e-action-hash=\"#elementor-action%3Aaction%3Dlightbox%26settings%3DeyJpZCI6ODk5MiwidXJsIjoiaHR0cHM6XC9cL2RyYW1hcmlhY2xhdWRpYS5jb20uY29cL3dwLWNvbnRlbnRcL3VwbG9hZHNcLzIwMjZcLzAzXC9EcmEtTWFyaWEtQ2xhdWRpYS0zLmpwZyIsInNsaWRlc2hvdyI6IjJhMGI1ZGYifQ%3D%3D\" href='https:\/\/dramariaclaudia.com.co\/wp-content\/uploads\/2026\/03\/Dra-Maria-Claudia-3.jpg'><img loading=\"lazy\" decoding=\"async\" width=\"860\" height=\"538\" src=\"https:\/\/dramariaclaudia.com.co\/wp-content\/uploads\/2026\/03\/Dra-Maria-Claudia-3-860x538.jpg\" class=\"attachment-insurya-large size-insurya-large\" alt=\"\" \/><\/a>\n\t\t\t<\/dt><\/dl><dl class='gallery-item'>\n\t\t\t<dt class='gallery-icon portrait'>\n\t\t\t\t<a data-elementor-open-lightbox=\"yes\" data-elementor-lightbox-slideshow=\"2a0b5df\" data-elementor-lightbox-title=\"Dra Maria Claudia 2\" data-e-action-hash=\"#elementor-action%3Aaction%3Dlightbox%26settings%3DeyJpZCI6ODk5MywidXJsIjoiaHR0cHM6XC9cL2RyYW1hcmlhY2xhdWRpYS5jb20uY29cL3dwLWNvbnRlbnRcL3VwbG9hZHNcLzIwMjZcLzAzXC9EcmEtTWFyaWEtQ2xhdWRpYS0yLmpwZyIsInNsaWRlc2hvdyI6IjJhMGI1ZGYifQ%3D%3D\" href='https:\/\/dramariaclaudia.com.co\/wp-content\/uploads\/2026\/03\/Dra-Maria-Claudia-2.jpg'><img loading=\"lazy\" decoding=\"async\" width=\"860\" height=\"538\" src=\"https:\/\/dramariaclaudia.com.co\/wp-content\/uploads\/2026\/03\/Dra-Maria-Claudia-2-860x538.jpg\" class=\"attachment-insurya-large size-insurya-large\" alt=\"\" \/><\/a>\n\t\t\t<\/dt><\/dl><dl class='gallery-item'>\n\t\t\t<dt class='gallery-icon portrait'>\n\t\t\t\t<a data-elementor-open-lightbox=\"yes\" data-elementor-lightbox-slideshow=\"2a0b5df\" data-elementor-lightbox-title=\"Dra Maria Claudia\" data-e-action-hash=\"#elementor-action%3Aaction%3Dlightbox%26settings%3DeyJpZCI6ODk5NSwidXJsIjoiaHR0cHM6XC9cL2RyYW1hcmlhY2xhdWRpYS5jb20uY29cL3dwLWNvbnRlbnRcL3VwbG9hZHNcLzIwMjZcLzAzXC9EcmEtTWFyaWEtQ2xhdWRpYS5qcGciLCJzbGlkZXNob3ciOiIyYTBiNWRmIn0%3D\" href='https:\/\/dramariaclaudia.com.co\/wp-content\/uploads\/2026\/03\/Dra-Maria-Claudia.jpg'><img loading=\"lazy\" decoding=\"async\" width=\"860\" height=\"538\" src=\"https:\/\/dramariaclaudia.com.co\/wp-content\/uploads\/2026\/03\/Dra-Maria-Claudia-860x538.jpg\" class=\"attachment-insurya-large size-insurya-large\" alt=\"\" \/><\/a>\n\t\t\t<\/dt><\/dl><br style=\"clear: both\" \/>\n\t\t<\/div>\n\t\t<\/div>\n\t\t\t\t\t\t<\/div>\n\t\t\t\t<\/div>\r\n\t\t\t\t<\/div>\n\t\t","protected":false},"excerpt":{"rendered":"<p>\u00bfQu\u00e9 es el PDRN facial?\u00a0El PDRN (Polidesoxirribonucle\u00f3tido) es un compuesto biotecnol\u00f3gico derivado del ADN (generalmente de origen salmonino) que se utiliza en medicina est\u00e9tica por su potente capacidad de regeneraci\u00f3n celular y reparaci\u00f3n de la piel.\u00a0Es conocido por su uso en tratamientos rejuvenecedores, ayudando a mejorar la calidad de la piel desde el interior.\u00a0\u2e3b\u00a0\u00a0\u00bfPara qu\u00e9 [&hellip;]<\/p>\n","protected":false},"author":1,"featured_media":0,"parent":0,"menu_order":0,"comment_status":"closed","ping_status":"closed","template":"","meta":{"footnotes":""},"class_list":["post-9091","page","type-page","status-publish","hentry"],"_links":{"self":[{"href":"https:\/\/dramariaclaudia.com.co\/index.php?rest_route=\/wp\/v2\/pages\/9091","targetHints":{"allow":["GET"]}}],"collection":[{"href":"https:\/\/dramariaclaudia.com.co\/index.php?rest_route=\/wp\/v2\/pages"}],"about":[{"href":"https:\/\/dramariaclaudia.com.co\/index.php?rest_route=\/wp\/v2\/types\/page"}],"author":[{"embeddable":true,"href":"https:\/\/dramariaclaudia.com.co\/index.php?rest_route=\/wp\/v2\/users\/1"}],"replies":[{"embeddable":true,"href":"https:\/\/dramariaclaudia.com.co\/index.php?rest_route=%2Fwp%2Fv2%2Fcomments&post=9091"}],"version-history":[{"count":4,"href":"https:\/\/dramariaclaudia.com.co\/index.php?rest_route=\/wp\/v2\/pages\/9091\/revisions"}],"predecessor-version":[{"id":9095,"href":"https:\/\/dramariaclaudia.com.co\/index.php?rest_route=\/wp\/v2\/pages\/9091\/revisions\/9095"}],"wp:attachment":[{"href":"https:\/\/dramariaclaudia.com.co\/index.php?rest_route=%2Fwp%2Fv2%2Fmedia&parent=9091"}],"curies":[{"name":"wp","href":"https:\/\/api.w.org\/{rel}","templated":true}]}}