{"id":9008,"date":"2026-03-26T16:48:41","date_gmt":"2026-03-26T16:48:41","guid":{"rendered":"https:\/\/www.serviciosweb.com.co\/dramariaclaudia.com.co\/?page_id=9008"},"modified":"2026-03-26T16:50:54","modified_gmt":"2026-03-26T16:50:54","slug":"botox","status":"publish","type":"page","link":"https:\/\/dramariaclaudia.com.co\/?page_id=9008","title":{"rendered":"Botox"},"content":{"rendered":"\t\t<div data-elementor-type=\"wp-page\" data-elementor-id=\"9008\" class=\"elementor elementor-9008\">\n\t\t\t\t<div class=\"elementor-element elementor-element-03dbc7a e-flex e-con-boxed e-con e-parent \" data-id=\"03dbc7a\" data-element_type=\"container\" data-e-type=\"container\">\t\t\t<div class=\"e-con-inner\">\r\n\t\t<div class=\"elementor-element elementor-element-74b9fc5 e-con-full e-flex e-con e-child \" data-id=\"74b9fc5\" data-element_type=\"container\" data-e-type=\"container\">\t\t<div class=\"elementor-element elementor-element-e851937 elementor-widget elementor-widget-image\" data-id=\"e851937\" data-element_type=\"widget\" data-e-type=\"widget\" data-widget_type=\"image.default\">\n\t\t\t\t\t\t\t\t\t\t\t\t\t\t\t<img fetchpriority=\"high\" decoding=\"async\" width=\"500\" height=\"330\" src=\"https:\/\/dramariaclaudia.com.co\/wp-content\/uploads\/2026\/03\/botox.jpg\" class=\"attachment-large size-large wp-image-8780\" alt=\"\" srcset=\"https:\/\/dramariaclaudia.com.co\/wp-content\/uploads\/2026\/03\/botox.jpg 500w, https:\/\/dramariaclaudia.com.co\/wp-content\/uploads\/2026\/03\/botox-300x198.jpg 300w\" sizes=\"(max-width: 500px) 100vw, 500px\" \/>\t\t\t\t\t\t\t\t\t\t\t\t\t\t\t<\/div>\n\t\t\t\t<\/div>\r\n\t\t<div class=\"elementor-element elementor-element-f75f5ed e-con-full e-flex e-con e-child \" data-id=\"f75f5ed\" data-element_type=\"container\" data-e-type=\"container\">                    \t\t<div class=\"elementor-element elementor-element-02a244c elementor-widget elementor-widget-text-editor\" data-id=\"02a244c\" data-element_type=\"widget\" data-e-type=\"widget\" data-widget_type=\"text-editor.default\">\n\t\t\t\t\t\t\t\t\t<p data-id-generation=\"service_description\">El B\u00f3tox es una toxina botul\u00ednica, utilizada en medicina est\u00e9tica para relajar temporalmente los m\u00fasculos faciales responsables de la formaci\u00f3n de arrugas. Al inyectarse en \u00e1reas espec\u00edficas, el B\u00f3tox bloquea las se\u00f1ales nerviosas que causan la contracci\u00f3n de los m\u00fasculos, lo que suaviza las arrugas y previene la formaci\u00f3n de nuevas l\u00edneas de expresi\u00f3n.<br \/>Es especialmente eficaz para tratar las arrugas din\u00e1micas, aquellas que se forman por los movimientos repetitivos del rostro, como fruncir el ce\u00f1o o sonre\u00edr.<\/p><p data-id-generation=\"service_description\">El B\u00f3tox es una toxina botul\u00ednica, utilizada en medicina est\u00e9tica para relajar temporalmente los m\u00fasculos faciales responsables de la formaci\u00f3n de arrugas. Al inyectarse en \u00e1reas espec\u00edficas, el B\u00f3tox bloquea las se\u00f1ales nerviosas que causan la contracci\u00f3n de los m\u00fasculos, lo que suaviza las arrugas y previene la formaci\u00f3n de nuevas l\u00edneas de expresi\u00f3n.<br \/>Es especialmente eficaz para tratar las arrugas din\u00e1micas, aquellas que se forman por los movimientos repetitivos del rostro, como fruncir el ce\u00f1o o sonre\u00edr.<\/p>\t\t\t\t\t\t\t\t<\/div>\n\t\t\t\t<\/div>\r\n\t\t\t\t\t<\/div>\r\n\t\t\t\t<\/div>\r\n\t\t<div class=\"elementor-element elementor-element-2b254df e-con-full e-flex e-con e-parent \" data-id=\"2b254df\" data-element_type=\"container\" data-e-type=\"container\">\t\t<div class=\"elementor-element elementor-element-2a0b5df elementor-widget elementor-widget-image-gallery\" data-id=\"2a0b5df\" data-element_type=\"widget\" data-e-type=\"widget\" data-widget_type=\"image-gallery.default\">\n\t\t\t\t\t\t\t<div class=\"elementor-image-gallery\">\n\t\t\t\n\t\t<style type=\"text\/css\">\n\t\t\t#gallery-1 {\n\t\t\t\tmargin: auto;\n\t\t\t}\n\t\t\t#gallery-1 .gallery-item {\n\t\t\t\tfloat: left;\n\t\t\t\tmargin-top: 10px;\n\t\t\t\ttext-align: center;\n\t\t\t\twidth: 25%;\n\t\t\t}\n\t\t\t#gallery-1 img {\n\t\t\t\tborder: 2px solid #cfcfcf;\n\t\t\t}\n\t\t\t#gallery-1 .gallery-caption {\n\t\t\t\tmargin-left: 0;\n\t\t\t}\n\t\t\t\/* see gallery_shortcode() in wp-includes\/media.php *\/\n\t\t<\/style>\n\t\t<div id='gallery-1' class='gallery galleryid-9008 gallery-columns-4 gallery-size-insurya-large'><dl class='gallery-item'>\n\t\t\t<dt class='gallery-icon landscape'>\n\t\t\t\t<a data-elementor-open-lightbox=\"yes\" data-elementor-lightbox-slideshow=\"2a0b5df\" data-elementor-lightbox-title=\"Dra Maria Claudia 16\" data-e-action-hash=\"#elementor-action%3Aaction%3Dlightbox%26settings%3DeyJpZCI6ODk3OSwidXJsIjoiaHR0cHM6XC9cL2RyYW1hcmlhY2xhdWRpYS5jb20uY29cL3dwLWNvbnRlbnRcL3VwbG9hZHNcLzIwMjZcLzAzXC9EcmEtTWFyaWEtQ2xhdWRpYS0xNi5qcGciLCJzbGlkZXNob3ciOiIyYTBiNWRmIn0%3D\" href='https:\/\/dramariaclaudia.com.co\/wp-content\/uploads\/2026\/03\/Dra-Maria-Claudia-16.jpg'><img decoding=\"async\" width=\"860\" height=\"538\" src=\"https:\/\/dramariaclaudia.com.co\/wp-content\/uploads\/2026\/03\/Dra-Maria-Claudia-16-860x538.jpg\" class=\"attachment-insurya-large size-insurya-large\" alt=\"\" \/><\/a>\n\t\t\t<\/dt><\/dl><dl class='gallery-item'>\n\t\t\t<dt class='gallery-icon landscape'>\n\t\t\t\t<a data-elementor-open-lightbox=\"yes\" data-elementor-lightbox-slideshow=\"2a0b5df\" data-elementor-lightbox-title=\"Dra Maria Claudia15\" data-e-action-hash=\"#elementor-action%3Aaction%3Dlightbox%26settings%3DeyJpZCI6ODk4MCwidXJsIjoiaHR0cHM6XC9cL2RyYW1hcmlhY2xhdWRpYS5jb20uY29cL3dwLWNvbnRlbnRcL3VwbG9hZHNcLzIwMjZcLzAzXC9EcmEtTWFyaWEtQ2xhdWRpYTE1LXNjYWxlZC5qcGciLCJzbGlkZXNob3ciOiIyYTBiNWRmIn0%3D\" href='https:\/\/dramariaclaudia.com.co\/wp-content\/uploads\/2026\/03\/Dra-Maria-Claudia15-scaled.jpg'><img decoding=\"async\" width=\"860\" height=\"538\" src=\"https:\/\/dramariaclaudia.com.co\/wp-content\/uploads\/2026\/03\/Dra-Maria-Claudia15-860x538.jpg\" class=\"attachment-insurya-large size-insurya-large\" alt=\"\" \/><\/a>\n\t\t\t<\/dt><\/dl><dl class='gallery-item'>\n\t\t\t<dt class='gallery-icon portrait'>\n\t\t\t\t<a data-elementor-open-lightbox=\"yes\" data-elementor-lightbox-slideshow=\"2a0b5df\" data-elementor-lightbox-title=\"Dra Maria Claudia14\" data-e-action-hash=\"#elementor-action%3Aaction%3Dlightbox%26settings%3DeyJpZCI6ODk4MSwidXJsIjoiaHR0cHM6XC9cL2RyYW1hcmlhY2xhdWRpYS5jb20uY29cL3dwLWNvbnRlbnRcL3VwbG9hZHNcLzIwMjZcLzAzXC9EcmEtTWFyaWEtQ2xhdWRpYTE0LXNjYWxlZC5qcGciLCJzbGlkZXNob3ciOiIyYTBiNWRmIn0%3D\" href='https:\/\/dramariaclaudia.com.co\/wp-content\/uploads\/2026\/03\/Dra-Maria-Claudia14-scaled.jpg'><img loading=\"lazy\" decoding=\"async\" width=\"860\" height=\"538\" src=\"https:\/\/dramariaclaudia.com.co\/wp-content\/uploads\/2026\/03\/Dra-Maria-Claudia14-860x538.jpg\" class=\"attachment-insurya-large size-insurya-large\" alt=\"\" \/><\/a>\n\t\t\t<\/dt><\/dl><dl class='gallery-item'>\n\t\t\t<dt class='gallery-icon portrait'>\n\t\t\t\t<a data-elementor-open-lightbox=\"yes\" data-elementor-lightbox-slideshow=\"2a0b5df\" data-elementor-lightbox-title=\"Dra Maria Claudia13\" data-e-action-hash=\"#elementor-action%3Aaction%3Dlightbox%26settings%3DeyJpZCI6ODk4MiwidXJsIjoiaHR0cHM6XC9cL2RyYW1hcmlhY2xhdWRpYS5jb20uY29cL3dwLWNvbnRlbnRcL3VwbG9hZHNcLzIwMjZcLzAzXC9EcmEtTWFyaWEtQ2xhdWRpYTEzLmpwZyIsInNsaWRlc2hvdyI6IjJhMGI1ZGYifQ%3D%3D\" href='https:\/\/dramariaclaudia.com.co\/wp-content\/uploads\/2026\/03\/Dra-Maria-Claudia13.jpg'><img loading=\"lazy\" decoding=\"async\" width=\"860\" height=\"538\" src=\"https:\/\/dramariaclaudia.com.co\/wp-content\/uploads\/2026\/03\/Dra-Maria-Claudia13-860x538.jpg\" class=\"attachment-insurya-large size-insurya-large\" alt=\"\" \/><\/a>\n\t\t\t<\/dt><\/dl><br style=\"clear: both\" \/><dl class='gallery-item'>\n\t\t\t<dt class='gallery-icon portrait'>\n\t\t\t\t<a data-elementor-open-lightbox=\"yes\" data-elementor-lightbox-slideshow=\"2a0b5df\" data-elementor-lightbox-title=\"Dra Maria Claudia 12\" data-e-action-hash=\"#elementor-action%3Aaction%3Dlightbox%26settings%3DeyJpZCI6ODk4MywidXJsIjoiaHR0cHM6XC9cL2RyYW1hcmlhY2xhdWRpYS5jb20uY29cL3dwLWNvbnRlbnRcL3VwbG9hZHNcLzIwMjZcLzAzXC9EcmEtTWFyaWEtQ2xhdWRpYS0xMi5qcGciLCJzbGlkZXNob3ciOiIyYTBiNWRmIn0%3D\" href='https:\/\/dramariaclaudia.com.co\/wp-content\/uploads\/2026\/03\/Dra-Maria-Claudia-12.jpg'><img loading=\"lazy\" decoding=\"async\" width=\"860\" height=\"538\" src=\"https:\/\/dramariaclaudia.com.co\/wp-content\/uploads\/2026\/03\/Dra-Maria-Claudia-12-860x538.jpg\" class=\"attachment-insurya-large size-insurya-large\" alt=\"\" \/><\/a>\n\t\t\t<\/dt><\/dl><dl class='gallery-item'>\n\t\t\t<dt class='gallery-icon portrait'>\n\t\t\t\t<a data-elementor-open-lightbox=\"yes\" data-elementor-lightbox-slideshow=\"2a0b5df\" data-elementor-lightbox-title=\"Dra Maria Claudia 11\" data-e-action-hash=\"#elementor-action%3Aaction%3Dlightbox%26settings%3DeyJpZCI6ODk4NCwidXJsIjoiaHR0cHM6XC9cL2RyYW1hcmlhY2xhdWRpYS5jb20uY29cL3dwLWNvbnRlbnRcL3VwbG9hZHNcLzIwMjZcLzAzXC9EcmEtTWFyaWEtQ2xhdWRpYS0xMS5qcGciLCJzbGlkZXNob3ciOiIyYTBiNWRmIn0%3D\" href='https:\/\/dramariaclaudia.com.co\/wp-content\/uploads\/2026\/03\/Dra-Maria-Claudia-11.jpg'><img loading=\"lazy\" decoding=\"async\" width=\"860\" height=\"538\" src=\"https:\/\/dramariaclaudia.com.co\/wp-content\/uploads\/2026\/03\/Dra-Maria-Claudia-11-860x538.jpg\" class=\"attachment-insurya-large size-insurya-large\" alt=\"\" \/><\/a>\n\t\t\t<\/dt><\/dl><dl class='gallery-item'>\n\t\t\t<dt class='gallery-icon portrait'>\n\t\t\t\t<a data-elementor-open-lightbox=\"yes\" data-elementor-lightbox-slideshow=\"2a0b5df\" data-elementor-lightbox-title=\"Dra Maria Claudia 10\" data-e-action-hash=\"#elementor-action%3Aaction%3Dlightbox%26settings%3DeyJpZCI6ODk4NSwidXJsIjoiaHR0cHM6XC9cL2RyYW1hcmlhY2xhdWRpYS5jb20uY29cL3dwLWNvbnRlbnRcL3VwbG9hZHNcLzIwMjZcLzAzXC9EcmEtTWFyaWEtQ2xhdWRpYS0xMC5qcGciLCJzbGlkZXNob3ciOiIyYTBiNWRmIn0%3D\" href='https:\/\/dramariaclaudia.com.co\/wp-content\/uploads\/2026\/03\/Dra-Maria-Claudia-10.jpg'><img loading=\"lazy\" decoding=\"async\" width=\"860\" height=\"538\" src=\"https:\/\/dramariaclaudia.com.co\/wp-content\/uploads\/2026\/03\/Dra-Maria-Claudia-10-860x538.jpg\" class=\"attachment-insurya-large size-insurya-large\" alt=\"\" \/><\/a>\n\t\t\t<\/dt><\/dl><dl class='gallery-item'>\n\t\t\t<dt class='gallery-icon portrait'>\n\t\t\t\t<a data-elementor-open-lightbox=\"yes\" data-elementor-lightbox-slideshow=\"2a0b5df\" data-elementor-lightbox-title=\"Dra Maria Claudia 9\" data-e-action-hash=\"#elementor-action%3Aaction%3Dlightbox%26settings%3DeyJpZCI6ODk4NiwidXJsIjoiaHR0cHM6XC9cL2RyYW1hcmlhY2xhdWRpYS5jb20uY29cL3dwLWNvbnRlbnRcL3VwbG9hZHNcLzIwMjZcLzAzXC9EcmEtTWFyaWEtQ2xhdWRpYS05LmpwZyIsInNsaWRlc2hvdyI6IjJhMGI1ZGYifQ%3D%3D\" href='https:\/\/dramariaclaudia.com.co\/wp-content\/uploads\/2026\/03\/Dra-Maria-Claudia-9.jpg'><img loading=\"lazy\" decoding=\"async\" width=\"860\" height=\"538\" src=\"https:\/\/dramariaclaudia.com.co\/wp-content\/uploads\/2026\/03\/Dra-Maria-Claudia-9-860x538.jpg\" class=\"attachment-insurya-large size-insurya-large\" alt=\"\" \/><\/a>\n\t\t\t<\/dt><\/dl><br style=\"clear: both\" \/><dl class='gallery-item'>\n\t\t\t<dt class='gallery-icon portrait'>\n\t\t\t\t<a data-elementor-open-lightbox=\"yes\" data-elementor-lightbox-slideshow=\"2a0b5df\" data-elementor-lightbox-title=\"Dra Maria Claudia 8\" data-e-action-hash=\"#elementor-action%3Aaction%3Dlightbox%26settings%3DeyJpZCI6ODk4NywidXJsIjoiaHR0cHM6XC9cL2RyYW1hcmlhY2xhdWRpYS5jb20uY29cL3dwLWNvbnRlbnRcL3VwbG9hZHNcLzIwMjZcLzAzXC9EcmEtTWFyaWEtQ2xhdWRpYS04LmpwZyIsInNsaWRlc2hvdyI6IjJhMGI1ZGYifQ%3D%3D\" href='https:\/\/dramariaclaudia.com.co\/wp-content\/uploads\/2026\/03\/Dra-Maria-Claudia-8.jpg'><img loading=\"lazy\" decoding=\"async\" width=\"860\" height=\"538\" src=\"https:\/\/dramariaclaudia.com.co\/wp-content\/uploads\/2026\/03\/Dra-Maria-Claudia-8-860x538.jpg\" class=\"attachment-insurya-large size-insurya-large\" alt=\"\" \/><\/a>\n\t\t\t<\/dt><\/dl><dl class='gallery-item'>\n\t\t\t<dt class='gallery-icon portrait'>\n\t\t\t\t<a data-elementor-open-lightbox=\"yes\" data-elementor-lightbox-slideshow=\"2a0b5df\" data-elementor-lightbox-title=\"Dra Maria Claudia 7\" data-e-action-hash=\"#elementor-action%3Aaction%3Dlightbox%26settings%3DeyJpZCI6ODk4OCwidXJsIjoiaHR0cHM6XC9cL2RyYW1hcmlhY2xhdWRpYS5jb20uY29cL3dwLWNvbnRlbnRcL3VwbG9hZHNcLzIwMjZcLzAzXC9EcmEtTWFyaWEtQ2xhdWRpYS03LmpwZyIsInNsaWRlc2hvdyI6IjJhMGI1ZGYifQ%3D%3D\" href='https:\/\/dramariaclaudia.com.co\/wp-content\/uploads\/2026\/03\/Dra-Maria-Claudia-7.jpg'><img loading=\"lazy\" decoding=\"async\" width=\"860\" height=\"538\" src=\"https:\/\/dramariaclaudia.com.co\/wp-content\/uploads\/2026\/03\/Dra-Maria-Claudia-7-860x538.jpg\" class=\"attachment-insurya-large size-insurya-large\" alt=\"\" \/><\/a>\n\t\t\t<\/dt><\/dl><dl class='gallery-item'>\n\t\t\t<dt class='gallery-icon portrait'>\n\t\t\t\t<a data-elementor-open-lightbox=\"yes\" data-elementor-lightbox-slideshow=\"2a0b5df\" data-elementor-lightbox-title=\"Dra Maria Claudia 6\" data-e-action-hash=\"#elementor-action%3Aaction%3Dlightbox%26settings%3DeyJpZCI6ODk4OSwidXJsIjoiaHR0cHM6XC9cL2RyYW1hcmlhY2xhdWRpYS5jb20uY29cL3dwLWNvbnRlbnRcL3VwbG9hZHNcLzIwMjZcLzAzXC9EcmEtTWFyaWEtQ2xhdWRpYS02LmpwZyIsInNsaWRlc2hvdyI6IjJhMGI1ZGYifQ%3D%3D\" href='https:\/\/dramariaclaudia.com.co\/wp-content\/uploads\/2026\/03\/Dra-Maria-Claudia-6.jpg'><img loading=\"lazy\" decoding=\"async\" width=\"860\" height=\"538\" src=\"https:\/\/dramariaclaudia.com.co\/wp-content\/uploads\/2026\/03\/Dra-Maria-Claudia-6-860x538.jpg\" class=\"attachment-insurya-large size-insurya-large\" alt=\"\" \/><\/a>\n\t\t\t<\/dt><\/dl><dl class='gallery-item'>\n\t\t\t<dt class='gallery-icon portrait'>\n\t\t\t\t<a data-elementor-open-lightbox=\"yes\" data-elementor-lightbox-slideshow=\"2a0b5df\" data-elementor-lightbox-title=\"Dra Maria Claudia 5\" data-e-action-hash=\"#elementor-action%3Aaction%3Dlightbox%26settings%3DeyJpZCI6ODk5MCwidXJsIjoiaHR0cHM6XC9cL2RyYW1hcmlhY2xhdWRpYS5jb20uY29cL3dwLWNvbnRlbnRcL3VwbG9hZHNcLzIwMjZcLzAzXC9EcmEtTWFyaWEtQ2xhdWRpYS01LmpwZyIsInNsaWRlc2hvdyI6IjJhMGI1ZGYifQ%3D%3D\" href='https:\/\/dramariaclaudia.com.co\/wp-content\/uploads\/2026\/03\/Dra-Maria-Claudia-5.jpg'><img loading=\"lazy\" decoding=\"async\" width=\"860\" height=\"538\" src=\"https:\/\/dramariaclaudia.com.co\/wp-content\/uploads\/2026\/03\/Dra-Maria-Claudia-5-860x538.jpg\" class=\"attachment-insurya-large size-insurya-large\" alt=\"\" \/><\/a>\n\t\t\t<\/dt><\/dl><br style=\"clear: both\" \/><dl class='gallery-item'>\n\t\t\t<dt class='gallery-icon portrait'>\n\t\t\t\t<a data-elementor-open-lightbox=\"yes\" data-elementor-lightbox-slideshow=\"2a0b5df\" data-elementor-lightbox-title=\"Dra Maria Claudia 4\" data-e-action-hash=\"#elementor-action%3Aaction%3Dlightbox%26settings%3DeyJpZCI6ODk5MSwidXJsIjoiaHR0cHM6XC9cL2RyYW1hcmlhY2xhdWRpYS5jb20uY29cL3dwLWNvbnRlbnRcL3VwbG9hZHNcLzIwMjZcLzAzXC9EcmEtTWFyaWEtQ2xhdWRpYS00LmpwZyIsInNsaWRlc2hvdyI6IjJhMGI1ZGYifQ%3D%3D\" href='https:\/\/dramariaclaudia.com.co\/wp-content\/uploads\/2026\/03\/Dra-Maria-Claudia-4.jpg'><img loading=\"lazy\" decoding=\"async\" width=\"860\" height=\"538\" src=\"https:\/\/dramariaclaudia.com.co\/wp-content\/uploads\/2026\/03\/Dra-Maria-Claudia-4-860x538.jpg\" class=\"attachment-insurya-large size-insurya-large\" alt=\"\" \/><\/a>\n\t\t\t<\/dt><\/dl><dl class='gallery-item'>\n\t\t\t<dt class='gallery-icon portrait'>\n\t\t\t\t<a data-elementor-open-lightbox=\"yes\" data-elementor-lightbox-slideshow=\"2a0b5df\" data-elementor-lightbox-title=\"Dra Maria Claudia 3\" data-e-action-hash=\"#elementor-action%3Aaction%3Dlightbox%26settings%3DeyJpZCI6ODk5MiwidXJsIjoiaHR0cHM6XC9cL2RyYW1hcmlhY2xhdWRpYS5jb20uY29cL3dwLWNvbnRlbnRcL3VwbG9hZHNcLzIwMjZcLzAzXC9EcmEtTWFyaWEtQ2xhdWRpYS0zLmpwZyIsInNsaWRlc2hvdyI6IjJhMGI1ZGYifQ%3D%3D\" href='https:\/\/dramariaclaudia.com.co\/wp-content\/uploads\/2026\/03\/Dra-Maria-Claudia-3.jpg'><img loading=\"lazy\" decoding=\"async\" width=\"860\" height=\"538\" src=\"https:\/\/dramariaclaudia.com.co\/wp-content\/uploads\/2026\/03\/Dra-Maria-Claudia-3-860x538.jpg\" class=\"attachment-insurya-large size-insurya-large\" alt=\"\" \/><\/a>\n\t\t\t<\/dt><\/dl><dl class='gallery-item'>\n\t\t\t<dt class='gallery-icon portrait'>\n\t\t\t\t<a data-elementor-open-lightbox=\"yes\" data-elementor-lightbox-slideshow=\"2a0b5df\" data-elementor-lightbox-title=\"Dra Maria Claudia 2\" data-e-action-hash=\"#elementor-action%3Aaction%3Dlightbox%26settings%3DeyJpZCI6ODk5MywidXJsIjoiaHR0cHM6XC9cL2RyYW1hcmlhY2xhdWRpYS5jb20uY29cL3dwLWNvbnRlbnRcL3VwbG9hZHNcLzIwMjZcLzAzXC9EcmEtTWFyaWEtQ2xhdWRpYS0yLmpwZyIsInNsaWRlc2hvdyI6IjJhMGI1ZGYifQ%3D%3D\" href='https:\/\/dramariaclaudia.com.co\/wp-content\/uploads\/2026\/03\/Dra-Maria-Claudia-2.jpg'><img loading=\"lazy\" decoding=\"async\" width=\"860\" height=\"538\" src=\"https:\/\/dramariaclaudia.com.co\/wp-content\/uploads\/2026\/03\/Dra-Maria-Claudia-2-860x538.jpg\" class=\"attachment-insurya-large size-insurya-large\" alt=\"\" \/><\/a>\n\t\t\t<\/dt><\/dl><dl class='gallery-item'>\n\t\t\t<dt class='gallery-icon portrait'>\n\t\t\t\t<a data-elementor-open-lightbox=\"yes\" data-elementor-lightbox-slideshow=\"2a0b5df\" data-elementor-lightbox-title=\"Dra Maria Claudia\" data-e-action-hash=\"#elementor-action%3Aaction%3Dlightbox%26settings%3DeyJpZCI6ODk5NSwidXJsIjoiaHR0cHM6XC9cL2RyYW1hcmlhY2xhdWRpYS5jb20uY29cL3dwLWNvbnRlbnRcL3VwbG9hZHNcLzIwMjZcLzAzXC9EcmEtTWFyaWEtQ2xhdWRpYS5qcGciLCJzbGlkZXNob3ciOiIyYTBiNWRmIn0%3D\" href='https:\/\/dramariaclaudia.com.co\/wp-content\/uploads\/2026\/03\/Dra-Maria-Claudia.jpg'><img loading=\"lazy\" decoding=\"async\" width=\"860\" height=\"538\" src=\"https:\/\/dramariaclaudia.com.co\/wp-content\/uploads\/2026\/03\/Dra-Maria-Claudia-860x538.jpg\" class=\"attachment-insurya-large size-insurya-large\" alt=\"\" \/><\/a>\n\t\t\t<\/dt><\/dl><br style=\"clear: both\" \/>\n\t\t<\/div>\n\t\t<\/div>\n\t\t\t\t\t\t<\/div>\n\t\t\t\t<\/div>\r\n\t\t\t\t<\/div>\n\t\t","protected":false},"excerpt":{"rendered":"<p>El B\u00f3tox es una toxina botul\u00ednica, utilizada en medicina est\u00e9tica para relajar temporalmente los m\u00fasculos faciales responsables de la formaci\u00f3n de arrugas. Al inyectarse en \u00e1reas espec\u00edficas, el B\u00f3tox bloquea las se\u00f1ales nerviosas que causan la contracci\u00f3n de los m\u00fasculos, lo que suaviza las arrugas y previene la formaci\u00f3n de nuevas l\u00edneas de expresi\u00f3n.Es especialmente [&hellip;]<\/p>\n","protected":false},"author":1,"featured_media":0,"parent":0,"menu_order":0,"comment_status":"closed","ping_status":"closed","template":"","meta":{"footnotes":""},"class_list":["post-9008","page","type-page","status-publish","hentry"],"_links":{"self":[{"href":"https:\/\/dramariaclaudia.com.co\/index.php?rest_route=\/wp\/v2\/pages\/9008","targetHints":{"allow":["GET"]}}],"collection":[{"href":"https:\/\/dramariaclaudia.com.co\/index.php?rest_route=\/wp\/v2\/pages"}],"about":[{"href":"https:\/\/dramariaclaudia.com.co\/index.php?rest_route=\/wp\/v2\/types\/page"}],"author":[{"embeddable":true,"href":"https:\/\/dramariaclaudia.com.co\/index.php?rest_route=\/wp\/v2\/users\/1"}],"replies":[{"embeddable":true,"href":"https:\/\/dramariaclaudia.com.co\/index.php?rest_route=%2Fwp%2Fv2%2Fcomments&post=9008"}],"version-history":[{"count":4,"href":"https:\/\/dramariaclaudia.com.co\/index.php?rest_route=\/wp\/v2\/pages\/9008\/revisions"}],"predecessor-version":[{"id":9012,"href":"https:\/\/dramariaclaudia.com.co\/index.php?rest_route=\/wp\/v2\/pages\/9008\/revisions\/9012"}],"wp:attachment":[{"href":"https:\/\/dramariaclaudia.com.co\/index.php?rest_route=%2Fwp%2Fv2%2Fmedia&parent=9008"}],"curies":[{"name":"wp","href":"https:\/\/api.w.org\/{rel}","templated":true}]}}